{"id":42,"date":"2024-03-24T00:00:04","date_gmt":"2024-03-23T21:00:04","guid":{"rendered":"http:\/\/uzmankardeslerankara.com\/?page_id=42"},"modified":"2025-04-06T15:46:58","modified_gmt":"2025-04-06T12:46:58","slug":"iletisim","status":"publish","type":"page","link":"https:\/\/uzmankardeslerankara.com\/index.php\/iletisim\/","title":{"rendered":"\u0130leti\u015fim"},"content":{"rendered":"\n<h1 class=\"wp-block-heading\">Uzman Karde\u015fler Teknik Servis<\/h1>\n\n\n\n<p>Ankara\u2019da Elektrik, Su ve Do\u011falgaz Tesisat\u0131nda Uzman Teknik Servis<\/p>\n\n\n\n<p>Elektrik ar\u0131zas\u0131, su ka\u00e7a\u011f\u0131 veya do\u011falgaz tesisat\u0131n\u0131zda bir problem mi var? Uzman Karde\u015fler, Ankara&#8217;n\u0131n t\u00fcm il\u00e7elerine 7\/24 teknik destek hizmeti sunar.<\/p>\n\n\n\n<p><strong>Hemen Bize Ula\u015f\u0131n<\/strong><\/p>\n\n\n\n<p><strong>Telefon: 0 543 315 24 66<\/strong><\/p>\n\n\n\n<p><strong>Telefon: 0 553 712 26 64<\/strong><\/p>\n\n\n\n<p>WhatsApp Destek: Ayn\u0131 numaradan 7\/24 ula\u015fabilirsiniz.<\/p>\n\n\n\n<p><strong>Web Sitesi:<\/strong> www.uzmankardeslerankara.com<\/p>\n\n\n\n<p><strong>Instagram:<\/strong> <a href=\"http:\/\/instagram.com\/uzmankardeslerankara\" title=\"@uzmankardeslerankara\">@uzmankardeslerankara<\/a><\/p>\n\n\n\n<h2 class=\"wp-block-heading\">Hizmet Verdi\u011fimiz Ba\u015fl\u0131ca \u0130l\u00e7eler<\/h2>\n\n\n\n<p>\u2022 \u00c7ankaya<br>\u2022 Ke\u00e7i\u00f6ren<br>\u2022 Etimesgut<br>\u2022 Sincan<br>\u2022 Yenimahalle<br>\u2022 Mamak<br>(T\u00fcm Ankara\u2019ya hizmet verilmektedir.)<\/p>\n\n\n\n<p>Adres<\/p>\n\n\n\n<p><strong>YE\u015e\u0130LBAYIR MAH. 1768 CAD. NO:23 C KAT:B MAMAK ANKARA<\/strong><\/p>\n\n\n\n<center><iframe src=\"https:\/\/www.google.com\/maps\/embed?pb=!1m14!1m8!1m3!1d12241.59767488461!2d32.9340014!3d39.9100769!3m2!1i1024!2i768!4f13.1!3m3!1m2!1s0x14d35147cdd321a5%3A0x74510dab6835fe92!2suzman%20kardesler%20tesisat%20do%C4%9Falgaz%20kombi%20teknik%20servis!5e0!3m2!1str!2str!4v1727469659348!5m2!1str!2str\" width=\"400\" height=\"300\" style=\"border:0;\" allowfullscreen=\"\" loading=\"lazy\" referrerpolicy=\"no-referrer-when-downgrade\"><\/iframe><\/>\n\n\n\n<p>Neden Uzman Karde\u015fler?<\/p>\n\n\n\n<p>\u2022 7\/24 Acil Servis<br>\u2022 T\u00fcm i\u015fler fatural\u0131 ve garantili<br>\u2022 Deneyimli, sertifikal\u0131 teknik ekip<br>\u2022 K\u0131sa s\u00fcrede \u00e7\u00f6z\u00fcm, uygun fiyat<\/p>\n\n\n\n<figure class=\"wp-block-image size-full\"><img loading=\"lazy\" decoding=\"async\" width=\"720\" height=\"331\" src=\"http:\/\/uzmankardeslerankara.com\/wp-content\/uploads\/2024\/05\/9d3e3aec-4702-4266-ad4f-1212340d6be7.jpeg\" alt=\"\" class=\"wp-image-71\" srcset=\"https:\/\/uzmankardeslerankara.com\/wp-content\/uploads\/2024\/05\/9d3e3aec-4702-4266-ad4f-1212340d6be7.jpeg 720w, https:\/\/uzmankardeslerankara.com\/wp-content\/uploads\/2024\/05\/9d3e3aec-4702-4266-ad4f-1212340d6be7-600x276.jpeg 600w, https:\/\/uzmankardeslerankara.com\/wp-content\/uploads\/2024\/05\/9d3e3aec-4702-4266-ad4f-1212340d6be7-300x138.jpeg 300w\" sizes=\"auto, (max-width: 720px) 100vw, 720px\" \/><\/figure>\n\n\n\n<figure class=\"wp-block-image size-large\"><img loading=\"lazy\" decoding=\"async\" width=\"768\" height=\"1024\" src=\"http:\/\/uzmankardeslerankara.com\/wp-content\/uploads\/2024\/05\/a0c57a49-886a-42ab-ae35-10432b112551-768x1024.jpeg\" alt=\"\" class=\"wp-image-72\" srcset=\"https:\/\/uzmankardeslerankara.com\/wp-content\/uploads\/2024\/05\/a0c57a49-886a-42ab-ae35-10432b112551-768x1023.jpeg 768w, https:\/\/uzmankardeslerankara.com\/wp-content\/uploads\/2024\/05\/a0c57a49-886a-42ab-ae35-10432b112551-600x800.jpeg 600w, https:\/\/uzmankardeslerankara.com\/wp-content\/uploads\/2024\/05\/a0c57a49-886a-42ab-ae35-10432b112551-225x300.jpeg 225w, https:\/\/uzmankardeslerankara.com\/wp-content\/uploads\/2024\/05\/a0c57a49-886a-42ab-ae35-10432b112551-1153x1536.jpeg 1153w, https:\/\/uzmankardeslerankara.com\/wp-content\/uploads\/2024\/05\/a0c57a49-886a-42ab-ae35-10432b112551.jpeg 1200w\" sizes=\"auto, (max-width: 768px) 100vw, 768px\" \/><\/figure>\n\n\n\n<figure class=\"wp-block-image size-large\"><img loading=\"lazy\" decoding=\"async\" width=\"768\" height=\"1024\" src=\"http:\/\/uzmankardeslerankara.com\/wp-content\/uploads\/2024\/05\/061bfcaf-8585-4c35-a30e-b7bc638cc6fe-768x1024.jpeg\" alt=\"\" class=\"wp-image-73\" srcset=\"https:\/\/uzmankardeslerankara.com\/wp-content\/uploads\/2024\/05\/061bfcaf-8585-4c35-a30e-b7bc638cc6fe-768x1023.jpeg 768w, https:\/\/uzmankardeslerankara.com\/wp-content\/uploads\/2024\/05\/061bfcaf-8585-4c35-a30e-b7bc638cc6fe-600x800.jpeg 600w, https:\/\/uzmankardeslerankara.com\/wp-content\/uploads\/2024\/05\/061bfcaf-8585-4c35-a30e-b7bc638cc6fe-225x300.jpeg 225w, https:\/\/uzmankardeslerankara.com\/wp-content\/uploads\/2024\/05\/061bfcaf-8585-4c35-a30e-b7bc638cc6fe-1153x1536.jpeg 1153w, https:\/\/uzmankardeslerankara.com\/wp-content\/uploads\/2024\/05\/061bfcaf-8585-4c35-a30e-b7bc638cc6fe.jpeg 1200w\" sizes=\"auto, (max-width: 768px) 100vw, 768px\" \/><\/figure>\n","protected":false},"excerpt":{"rendered":"<p>Uzman Karde\u015fler Teknik Servis Ankara\u2019da Elektrik, Su ve Do\u011falgaz Tesisat\u0131nda Uzman Teknik Servis Elektrik ar\u0131zas\u0131, su ka\u00e7a\u011f\u0131 veya do\u011falgaz tesisat\u0131n\u0131zda bir problem mi var? Uzman Karde\u015fler, Ankara&#8217;n\u0131n t\u00fcm il\u00e7elerine 7\/24 teknik destek hizmeti sunar. Hemen Bize Ula\u015f\u0131n Telefon: 0 543 &hellip; <a href=\"https:\/\/uzmankardeslerankara.com\/index.php\/iletisim\/\">Devam\u0131<\/a><\/p>\n","protected":false},"author":1,"featured_media":0,"parent":0,"menu_order":0,"comment_status":"closed","ping_status":"closed","template":"","meta":{"kt_blocks_editor_width":"","footnotes":""},"class_list":["post-42","page","type-page","status-publish","hentry"],"_links":{"self":[{"href":"https:\/\/uzmankardeslerankara.com\/index.php\/wp-json\/wp\/v2\/pages\/42","targetHints":{"allow":["GET"]}}],"collection":[{"href":"https:\/\/uzmankardeslerankara.com\/index.php\/wp-json\/wp\/v2\/pages"}],"about":[{"href":"https:\/\/uzmankardeslerankara.com\/index.php\/wp-json\/wp\/v2\/types\/page"}],"author":[{"embeddable":true,"href":"https:\/\/uzmankardeslerankara.com\/index.php\/wp-json\/wp\/v2\/users\/1"}],"replies":[{"embeddable":true,"href":"https:\/\/uzmankardeslerankara.com\/index.php\/wp-json\/wp\/v2\/comments?post=42"}],"version-history":[{"count":9,"href":"https:\/\/uzmankardeslerankara.com\/index.php\/wp-json\/wp\/v2\/pages\/42\/revisions"}],"predecessor-version":[{"id":240,"href":"https:\/\/uzmankardeslerankara.com\/index.php\/wp-json\/wp\/v2\/pages\/42\/revisions\/240"}],"wp:attachment":[{"href":"https:\/\/uzmankardeslerankara.com\/index.php\/wp-json\/wp\/v2\/media?parent=42"}],"curies":[{"name":"wp","href":"https:\/\/api.w.org\/{rel}","templated":true}]}}